{"id":167467,"date":"2025-12-09T09:00:00","date_gmt":"2025-12-09T07:00:00","guid":{"rendered":"https:\/\/www.vaikuttavuussaatio.fi\/?page_id=167467"},"modified":"2025-12-07T13:37:10","modified_gmt":"2025-12-07T11:37:10","slug":"tandem-industry-academia-tia-seed-2025","status":"publish","type":"page","link":"https:\/\/www.vaikuttavuussaatio.fi\/en\/funded-projects\/tandem-industry-academia-tia-seed-2025\/","title":{"rendered":"Tandem Industry Academia (TIA) Seed 2025"},"content":{"rendered":"\n<div class=\"wp-block-ugb-container ugb-container ugb-3083de6 ugb-container--v2 ugb-container--design-basic ugb-main-block\"><style>.ugb-3083de6-wrapper.ugb-container__wrapper{border-radius:0px !important}<\/style><div class=\"ugb-inner-block\"><div class=\"ugb-block-content\"><div class=\"ugb-container__wrapper ugb-3083de6-wrapper ugb--shadow-3\"><div class=\"ugb-container__side\"><div class=\"ugb-container__content-wrapper ugb-3083de6-content-wrapper\">\n<h3 class=\"wp-block-heading\">Tandem Industry Academia (TIA) Seed 2025<\/h3>\n\n\n\n<div class=\"alignfull wp-block-ugb-text ugb-text ugb-6d613d7 ugb-text--design-plain ugb-text--columns-2 ugb-text--has-rule ugb-main-block ugb-main-block--inner-center ugb--has-block-background\"><style>.ugb-6d613d7 .ugb-text__rule{background:#f3f3f3 !important}.ugb-6d613d7 .ugb-text__title{font-size:28px !important;margin-bottom:30px !important}.ugb-6d613d7 .ugb-text__text p{font-family:\"Gilroy W05 Medium\",Sans-serif !important}<\/style><div class=\"ugb-inner-block ugb-inner-block--center\"><div class=\"ugb-block-content\"><div class=\"ugb-text__title-wrapper\"><h2 class=\"ugb-text__title\">Assistant Professor Merve Atasoy&#8217;s project aims to transform wastewater treatment plants from cost centers into resource recovery hubs<\/h2><\/div><div class=\"ugb-text__text-wrapper\"><div class=\"ugb-text__text\"><p class=\"ugb-text__text-1\"><strong>Project title: <\/strong><br>Integrated Bioprocess for Producing Value\u2011Added Building Blocks from Wastewater (Intrecovery)<br><br><strong>Approved funding: <\/strong><br>\u20ac201,462<br><br><strong>Applicant: <\/strong><br>University of Eastern Finland<br><br><strong>Industrial partners: <\/strong><br>Biopallo Systems Oy and NPHarvest<br><br><em>\u201cInstead of treating wastewater as waste, we treat it as a resource that can provide biobased chemicals and help reduce greenhouse gas emissions. Our collaboration with Finnish industry ensures that the technology is designed from the start to be practical, scalable, and tailored to real industrial needs.\u201d<\/em><br><br>Assistant Professor Merve Atasoy, Principal Investigator of the project.<br><br><img decoding=\"async\" width=\"150\" height=\"150\" class=\"wp-image-167455 lazyload\" style=\"--smush-placeholder-width: 150px; --smush-placeholder-aspect-ratio: 150\/150;width: 150px;\" data-src=\"https:\/\/www.vaikuttavuussaatio.fi\/wp-content\/uploads\/2025\/12\/merve_atasoy.jpg\" alt=\"\" data-srcset=\"https:\/\/www.vaikuttavuussaatio.fi\/wp-content\/uploads\/2025\/12\/merve_atasoy.jpg 600w, https:\/\/www.vaikuttavuussaatio.fi\/wp-content\/uploads\/2025\/12\/merve_atasoy-300x300.jpg 300w, https:\/\/www.vaikuttavuussaatio.fi\/wp-content\/uploads\/2025\/12\/merve_atasoy-150x150.jpg 150w, https:\/\/www.vaikuttavuussaatio.fi\/wp-content\/uploads\/2025\/12\/merve_atasoy-75x75.jpg 75w\" data-sizes=\"(max-width: 150px) 100vw, 150px\" src=\"data:image\/svg+xml;base64,PHN2ZyB3aWR0aD0iMSIgaGVpZ2h0PSIxIiB4bWxucz0iaHR0cDovL3d3dy53My5vcmcvMjAwMC9zdmciPjwvc3ZnPg==\" \/><br><\/p><\/div><div class=\"ugb-text__rule ugb-text__rule-1\" role=\"presentation\"><\/div><div class=\"ugb-text__text\"><p class=\"ugb-text__text-2\">Over 500 million cubic meters of wastewater are processed annually in Finland. Wastewater treatment consumes vast amounts of energy, and the process results in the loss of valuable carbon and nitrogen. The University of Eastern Finland&#8217;s Intrecovery project is developing biotechnology to recover carbon and nitrogen from wastewater and process them into high-value biobased chemicals.<br><br>Technology like this has not been implemented in wastewater treatment before. If successful, the project could fundamentally change how wastewater treatment plants operate \u2013 shifting them from cost centers into resource recovery hubs. At the societal level, the project reduces emissions and dependence on fossil-based substances, while accelerating Finland&#8217;s transition toward a circular economy.<\/p><\/div><\/div><\/div><\/div><\/div>\n\n\n\n<hr class=\"wp-block-separator has-css-opacity is-style-wide\"\/>\n\n\n\n<div class=\"alignfull wp-block-ugb-text ugb-text ugb-4b36cb6 ugb-text--design-plain ugb-text--columns-2 ugb-text--has-rule ugb-main-block ugb-main-block--inner-center ugb--has-block-background\"><style>.ugb-4b36cb6 .ugb-text__rule{background:#f3f3f3 !important}.ugb-4b36cb6 .ugb-text__title{font-size:28px !important;margin-bottom:30px !important}.ugb-4b36cb6 .ugb-text__text p{font-family:\"Gilroy W05 Medium\",Sans-serif !important}<\/style><div class=\"ugb-inner-block ugb-inner-block--center\"><div class=\"ugb-block-content\"><div class=\"ugb-text__title-wrapper\"><h2 class=\"ugb-text__title\">Professor Ertugrul Basar\u2019s quantum 6G project can position Finland as an early global research leader<\/h2><\/div><div class=\"ugb-text__text-wrapper\"><div class=\"ugb-text__text\"><p class=\"ugb-text__text-1\"><strong>Project title: <\/strong><br>Rydberg Atomic Quantum Receivers for Energy-Efficient and Secure 6G Communications<br><br><strong>Approved funding: <\/strong><br>\u20ac232,595<br><br><strong>Applicant: <\/strong><br>Tampere University<br><br><strong>Industrial partners: <\/strong><br>Nokia Solutions and Networks Oy and IQM Finland Oy<br><br><em>\u201cWe applied for TIA Seed funding because it is uniquely aligned with the early-stage, high-impact research that our project aims to deliver.\u201d<br><\/em><br>Professor Ertugrul Basar, Principal Investigator of the project.<br><br><img decoding=\"async\" width=\"150\" height=\"150\" class=\"wp-image-167461 lazyload\" style=\"--smush-placeholder-width: 150px; --smush-placeholder-aspect-ratio: 150\/150;width: 150px;\" data-src=\"https:\/\/www.vaikuttavuussaatio.fi\/wp-content\/uploads\/2025\/12\/Ertugrul_Basar_2.jpg\" alt=\"\" data-srcset=\"https:\/\/www.vaikuttavuussaatio.fi\/wp-content\/uploads\/2025\/12\/Ertugrul_Basar_2.jpg 600w, https:\/\/www.vaikuttavuussaatio.fi\/wp-content\/uploads\/2025\/12\/Ertugrul_Basar_2-300x300.jpg 300w, https:\/\/www.vaikuttavuussaatio.fi\/wp-content\/uploads\/2025\/12\/Ertugrul_Basar_2-150x150.jpg 150w, https:\/\/www.vaikuttavuussaatio.fi\/wp-content\/uploads\/2025\/12\/Ertugrul_Basar_2-75x75.jpg 75w\" data-sizes=\"(max-width: 150px) 100vw, 150px\" src=\"data:image\/svg+xml;base64,PHN2ZyB3aWR0aD0iMSIgaGVpZ2h0PSIxIiB4bWxucz0iaHR0cDovL3d3dy53My5vcmcvMjAwMC9zdmciPjwvc3ZnPg==\" \/><br><\/p><\/div><div class=\"ugb-text__rule ugb-text__rule-1\" role=\"presentation\"><\/div><div class=\"ugb-text__text\"><p class=\"ugb-text__text-2\">How to build wireless communication systems that are simultaneously energy-efficient, secure, and capable of operating reliably in increasingly congested and adversarial spectrum environments? This challenge is being addressed in a Tampere University research project, where advanced atomic physics research meets wireless communication.\u00a0<br><br>The project develops entirely new wireless communication technology, using ultra-sensitive quantum receivers instead of traditional metal antennas. The project\u2019s results enable more energy efficient and secure 6G networks worldwide. Through this project, Finland can position itself as a global leader in quantum-assisted 6G research.<br><\/p><\/div><\/div><\/div><\/div><\/div>\n\n\n\n<hr class=\"wp-block-separator has-css-opacity is-style-wide\"\/>\n\n\n\n<div class=\"alignfull wp-block-ugb-text ugb-text ugb-8781178 ugb-text--design-plain ugb-text--columns-2 ugb-text--has-rule ugb-main-block ugb-main-block--inner-center ugb--has-block-background\"><style>.ugb-8781178 .ugb-text__rule{background:#f3f3f3 !important}.ugb-8781178 .ugb-text__title{font-size:28px !important;margin-bottom:30px !important}.ugb-8781178 .ugb-text__text p{font-family:\"Gilroy W05 Medium\",Sans-serif !important}<\/style><div class=\"ugb-inner-block ugb-inner-block--center\"><div class=\"ugb-block-content\"><div class=\"ugb-text__title-wrapper\"><h2 class=\"ugb-text__title\">Assistant Professor Dominik Baumann develops machine learning methods that improve the performance and work safety of autonomous machines in harsh weather conditions<\/h2><\/div><div class=\"ugb-text__text-wrapper\"><div class=\"ugb-text__text\"><p class=\"ugb-text__text-1\"><strong>Project title: <\/strong><br>Safe, efficient, and robust learning for mobile machines<br><br><strong>Approved funding: <\/strong><br>\u20ac199,864<br><br><strong>Applicant: <\/strong><br>Aalto University<br><br><strong>Industrial partners: <\/strong><br>Konecranes and Ponsse<br><br><em>\u201cTIA Seed funding is perfect for what I&#8217;m trying to achieve: bringing university research and Finnish industry together to solve real problems.\u201d<\/em><br><br>Assistant Professor Dominik Baumann, Principal Investigator of the project.<br><br><img decoding=\"async\" width=\"150\" height=\"150\" class=\"wp-image-167463 lazyload\" style=\"--smush-placeholder-width: 150px; --smush-placeholder-aspect-ratio: 150\/150;width: 150px;\" data-src=\"https:\/\/www.vaikuttavuussaatio.fi\/wp-content\/uploads\/2025\/12\/Dominik_Baumann_2.jpg\" alt=\"\" data-srcset=\"https:\/\/www.vaikuttavuussaatio.fi\/wp-content\/uploads\/2025\/12\/Dominik_Baumann_2.jpg 600w, https:\/\/www.vaikuttavuussaatio.fi\/wp-content\/uploads\/2025\/12\/Dominik_Baumann_2-300x300.jpg 300w, https:\/\/www.vaikuttavuussaatio.fi\/wp-content\/uploads\/2025\/12\/Dominik_Baumann_2-150x150.jpg 150w, https:\/\/www.vaikuttavuussaatio.fi\/wp-content\/uploads\/2025\/12\/Dominik_Baumann_2-75x75.jpg 75w\" data-sizes=\"(max-width: 150px) 100vw, 150px\" src=\"data:image\/svg+xml;base64,PHN2ZyB3aWR0aD0iMSIgaGVpZ2h0PSIxIiB4bWxucz0iaHR0cDovL3d3dy53My5vcmcvMjAwMC9zdmciPjwvc3ZnPg==\" \/><\/p><\/div><div class=\"ugb-text__rule ugb-text__rule-1\" role=\"presentation\"><\/div><div class=\"ugb-text__text\"><p class=\"ugb-text__text-2\">Mobile machines operating autonomously \u2013 such as forest harvesters and port cranes \u2013 face challenges in harsh weather conditions like snowstorms or heavy fog. Snow, fog, and rain interfere with the machines&#8217; optical sensors, necessitating manual operation. Manual work under harsh weather conditions is often unsafe and always uncomfortable for workers &#8211; so precisely the times where autonomous operation of machines would be most valuable. The Aalto University project is creating the first approach that can guarantee safety when training and operating complex mobile machines in harsh, unpredictable environments.<br><br>New mathematical methods are being developed in the project, which enable complex machines to be trained safely. This ensures their autonomy functions efficiently and in compliance with work safety, even in severe weather conditions. The project&#8217;s results benefit industries such as mining, construction, and logistics. If successful, the project creates a competitive advantage for Finnish machine manufacturers: if the technology works in Finnish conditions, it works anywhere, giving Finnish companies a unique selling point in global markets.<br><\/p><\/div><\/div><\/div><\/div><\/div>\n\n\n\n<hr class=\"wp-block-separator has-css-opacity is-style-wide\"\/>\n<\/div><\/div><\/div><\/div><\/div><\/div>\n","protected":false},"excerpt":{"rendered":"<p>Tandem Industry Academia (TIA) Seed 2025 Assistant Professor Merve Atasoy&#8217;s project aims to transform wastewater treatment plants from cost centers into resource recovery hubs Project title: Integrated Bioprocess for Producing Value\u2011Added Building Blocks from Wastewater (Intrecovery) Approved funding: \u20ac201,462 Applicant: University of Eastern Finland Industrial partners: Biopallo Systems Oy and NPHarvest \u201cInstead of treating wastewater [&hellip;]<\/p>\n","protected":false},"author":1,"featured_media":0,"parent":939,"menu_order":0,"comment_status":"closed","ping_status":"closed","template":"","meta":{"_genesis_hide_title":false,"_genesis_hide_breadcrumbs":false,"_genesis_hide_singular_image":false,"_genesis_hide_footer_widgets":false,"_genesis_custom_body_class":"","_genesis_custom_post_class":"","_genesis_layout":"","footnotes":""},"class_list":{"0":"post-167467","1":"page","2":"type-page","3":"status-publish","5":"entry"},"featured_image_url":[],"post_author":"vaikuttavuussaatio","assigned_categories":"Optional","featured_image_urls_v2":{"full":"","thumbnail":"","medium":"","medium_large":"","large":"","1536x1536":"","2048x2048":"","sidebar-featured":"","genesis-singular-images":"","gb-block-post-grid-landscape":"","gb-block-post-grid-square":""},"post_excerpt_stackable_v2":"<p>Tandem Industry Academia (TIA) Seed 2025 Assistant Professor Merve Atasoy&#8217;s project aims to transform wastewater treatment plants from cost centers into resource recovery hubsProject title: Integrated Bioprocess for Producing Value\u2011Added Building Blocks from Wastewater (Intrecovery)Approved funding: \u20ac201,462Applicant: University of Eastern FinlandIndustrial partners: Biopallo Systems Oy and NPHarvest\u201cInstead of treating wastewater as waste, we treat it as a resource that can provide biobased chemicals and help reduce greenhouse gas emissions. Our collaboration with Finnish industry ensures that the technology is designed from the start to be practical, scalable, and tailored to real industrial needs.\u201dAssistant Professor Merve Atasoy, Principal Investigator of the&hellip;<\/p>\n","category_list_v2":"","author_info_v2":{"name":"vaikuttavuussaatio","url":"https:\/\/www.vaikuttavuussaatio.fi\/en\/author\/vaikuttavuussaatio\/"},"comments_num_v2":"0 comments","yoast_head":"<!-- This site is optimized with the Yoast SEO plugin v27.4 - https:\/\/yoast.com\/product\/yoast-seo-wordpress\/ -->\n<title>Tandem Industry Academia (TIA) Seed 2025 - Vaikuttavuussaatio<\/title>\n<meta name=\"robots\" content=\"index, follow, max-snippet:-1, max-image-preview:large, max-video-preview:-1\" \/>\n<link rel=\"canonical\" href=\"https:\/\/www.vaikuttavuussaatio.fi\/en\/funded-projects\/tandem-industry-academia-tia-seed-2025\/\" \/>\n<meta property=\"og:locale\" content=\"en_US\" \/>\n<meta property=\"og:type\" content=\"article\" \/>\n<meta property=\"og:title\" content=\"Tandem Industry Academia (TIA) Seed 2025 - Vaikuttavuussaatio\" \/>\n<meta property=\"og:description\" content=\"Tandem Industry Academia (TIA) Seed 2025 Assistant Professor Merve Atasoy&#8217;s project aims to transform wastewater treatment plants from cost centers into resource recovery hubs Project title: Integrated Bioprocess for Producing Value\u2011Added Building Blocks from Wastewater (Intrecovery) Approved funding: \u20ac201,462 Applicant: University of Eastern Finland Industrial partners: Biopallo Systems Oy and NPHarvest \u201cInstead of treating wastewater [&hellip;]\" \/>\n<meta property=\"og:url\" content=\"https:\/\/www.vaikuttavuussaatio.fi\/en\/funded-projects\/tandem-industry-academia-tia-seed-2025\/\" \/>\n<meta property=\"og:site_name\" content=\"Vaikuttavuussaatio\" \/>\n<meta property=\"article:publisher\" content=\"https:\/\/www.facebook.com\/vaikuttavuussaatio\/\" \/>\n<meta property=\"og:image\" content=\"https:\/\/www.vaikuttavuussaatio.fi\/wp-content\/uploads\/2025\/12\/merve_atasoy.jpg\" \/>\n\t<meta property=\"og:image:width\" content=\"600\" \/>\n\t<meta property=\"og:image:height\" content=\"600\" \/>\n\t<meta property=\"og:image:type\" content=\"image\/jpeg\" \/>\n<meta name=\"twitter:card\" content=\"summary_large_image\" \/>\n<meta name=\"twitter:site\" content=\"@tvtsaatio\" \/>\n<meta name=\"twitter:label1\" content=\"Est. reading time\" \/>\n\t<meta name=\"twitter:data1\" content=\"5 minutes\" \/>\n<script type=\"application\/ld+json\" class=\"yoast-schema-graph\">{\"@context\":\"https:\\\/\\\/schema.org\",\"@graph\":[{\"@type\":\"WebPage\",\"@id\":\"https:\\\/\\\/www.vaikuttavuussaatio.fi\\\/en\\\/funded-projects\\\/tandem-industry-academia-tia-seed-2025\\\/\",\"url\":\"https:\\\/\\\/www.vaikuttavuussaatio.fi\\\/en\\\/funded-projects\\\/tandem-industry-academia-tia-seed-2025\\\/\",\"name\":\"Tandem Industry Academia (TIA) Seed 2025 - Vaikuttavuussaatio\",\"isPartOf\":{\"@id\":\"https:\\\/\\\/www.vaikuttavuussaatio.fi\\\/en\\\/#website\"},\"primaryImageOfPage\":{\"@id\":\"https:\\\/\\\/www.vaikuttavuussaatio.fi\\\/en\\\/funded-projects\\\/tandem-industry-academia-tia-seed-2025\\\/#primaryimage\"},\"image\":{\"@id\":\"https:\\\/\\\/www.vaikuttavuussaatio.fi\\\/en\\\/funded-projects\\\/tandem-industry-academia-tia-seed-2025\\\/#primaryimage\"},\"thumbnailUrl\":\"https:\\\/\\\/www.vaikuttavuussaatio.fi\\\/wp-content\\\/uploads\\\/2025\\\/12\\\/merve_atasoy.jpg\",\"datePublished\":\"2025-12-09T07:00:00+00:00\",\"breadcrumb\":{\"@id\":\"https:\\\/\\\/www.vaikuttavuussaatio.fi\\\/en\\\/funded-projects\\\/tandem-industry-academia-tia-seed-2025\\\/#breadcrumb\"},\"inLanguage\":\"en-US\",\"potentialAction\":[{\"@type\":\"ReadAction\",\"target\":[\"https:\\\/\\\/www.vaikuttavuussaatio.fi\\\/en\\\/funded-projects\\\/tandem-industry-academia-tia-seed-2025\\\/\"]}]},{\"@type\":\"ImageObject\",\"inLanguage\":\"en-US\",\"@id\":\"https:\\\/\\\/www.vaikuttavuussaatio.fi\\\/en\\\/funded-projects\\\/tandem-industry-academia-tia-seed-2025\\\/#primaryimage\",\"url\":\"https:\\\/\\\/www.vaikuttavuussaatio.fi\\\/wp-content\\\/uploads\\\/2025\\\/12\\\/merve_atasoy.jpg\",\"contentUrl\":\"https:\\\/\\\/www.vaikuttavuussaatio.fi\\\/wp-content\\\/uploads\\\/2025\\\/12\\\/merve_atasoy.jpg\"},{\"@type\":\"BreadcrumbList\",\"@id\":\"https:\\\/\\\/www.vaikuttavuussaatio.fi\\\/en\\\/funded-projects\\\/tandem-industry-academia-tia-seed-2025\\\/#breadcrumb\",\"itemListElement\":[{\"@type\":\"ListItem\",\"position\":1,\"name\":\"Home\",\"item\":\"https:\\\/\\\/www.vaikuttavuussaatio.fi\\\/en\\\/\"},{\"@type\":\"ListItem\",\"position\":2,\"name\":\"Projects funded\",\"item\":\"https:\\\/\\\/www.vaikuttavuussaatio.fi\\\/en\\\/funded-projects\\\/\"},{\"@type\":\"ListItem\",\"position\":3,\"name\":\"Tandem Industry Academia (TIA) Seed 2025\"}]},{\"@type\":\"WebSite\",\"@id\":\"https:\\\/\\\/www.vaikuttavuussaatio.fi\\\/en\\\/#website\",\"url\":\"https:\\\/\\\/www.vaikuttavuussaatio.fi\\\/en\\\/\",\"name\":\"Vaikuttavuussaatio\",\"description\":\"Vaikuttavuuss\u00e4\u00e4ti\u00f6 vahvistaa ja tukee huippututkimuksen vaikuttavuutta ja elinkeinoel\u00e4m\u00e4n yhteyksi\u00e4.\",\"publisher\":{\"@id\":\"https:\\\/\\\/www.vaikuttavuussaatio.fi\\\/en\\\/#organization\"},\"potentialAction\":[{\"@type\":\"SearchAction\",\"target\":{\"@type\":\"EntryPoint\",\"urlTemplate\":\"https:\\\/\\\/www.vaikuttavuussaatio.fi\\\/en\\\/?s={search_term_string}\"},\"query-input\":{\"@type\":\"PropertyValueSpecification\",\"valueRequired\":true,\"valueName\":\"search_term_string\"}}],\"inLanguage\":\"en-US\"},{\"@type\":\"Organization\",\"@id\":\"https:\\\/\\\/www.vaikuttavuussaatio.fi\\\/en\\\/#organization\",\"name\":\"Vaikuttavuuss\u00e4\u00e4ti\u00f6\",\"url\":\"https:\\\/\\\/www.vaikuttavuussaatio.fi\\\/en\\\/\",\"logo\":{\"@type\":\"ImageObject\",\"inLanguage\":\"en-US\",\"@id\":\"https:\\\/\\\/www.vaikuttavuussaatio.fi\\\/en\\\/#\\\/schema\\\/logo\\\/image\\\/\",\"url\":\"https:\\\/\\\/www.vaikuttavuussaatio.fi\\\/wp-content\\\/uploads\\\/2020\\\/02\\\/logo.png\",\"contentUrl\":\"https:\\\/\\\/www.vaikuttavuussaatio.fi\\\/wp-content\\\/uploads\\\/2020\\\/02\\\/logo.png\",\"width\":398,\"height\":362,\"caption\":\"Vaikuttavuuss\u00e4\u00e4ti\u00f6\"},\"image\":{\"@id\":\"https:\\\/\\\/www.vaikuttavuussaatio.fi\\\/en\\\/#\\\/schema\\\/logo\\\/image\\\/\"},\"sameAs\":[\"https:\\\/\\\/www.facebook.com\\\/vaikuttavuussaatio\\\/\",\"https:\\\/\\\/x.com\\\/tvtsaatio\"]}]}<\/script>\n<!-- \/ Yoast SEO plugin. -->","yoast_head_json":{"title":"Tandem Industry Academia (TIA) Seed 2025 - Vaikuttavuussaatio","robots":{"index":"index","follow":"follow","max-snippet":"max-snippet:-1","max-image-preview":"max-image-preview:large","max-video-preview":"max-video-preview:-1"},"canonical":"https:\/\/www.vaikuttavuussaatio.fi\/en\/funded-projects\/tandem-industry-academia-tia-seed-2025\/","og_locale":"en_US","og_type":"article","og_title":"Tandem Industry Academia (TIA) Seed 2025 - Vaikuttavuussaatio","og_description":"Tandem Industry Academia (TIA) Seed 2025 Assistant Professor Merve Atasoy&#8217;s project aims to transform wastewater treatment plants from cost centers into resource recovery hubs Project title: Integrated Bioprocess for Producing Value\u2011Added Building Blocks from Wastewater (Intrecovery) Approved funding: \u20ac201,462 Applicant: University of Eastern Finland Industrial partners: Biopallo Systems Oy and NPHarvest \u201cInstead of treating wastewater [&hellip;]","og_url":"https:\/\/www.vaikuttavuussaatio.fi\/en\/funded-projects\/tandem-industry-academia-tia-seed-2025\/","og_site_name":"Vaikuttavuussaatio","article_publisher":"https:\/\/www.facebook.com\/vaikuttavuussaatio\/","og_image":[{"width":600,"height":600,"url":"https:\/\/www.vaikuttavuussaatio.fi\/wp-content\/uploads\/2025\/12\/merve_atasoy.jpg","type":"image\/jpeg"}],"twitter_card":"summary_large_image","twitter_site":"@tvtsaatio","twitter_misc":{"Est. reading time":"5 minutes"},"schema":{"@context":"https:\/\/schema.org","@graph":[{"@type":"WebPage","@id":"https:\/\/www.vaikuttavuussaatio.fi\/en\/funded-projects\/tandem-industry-academia-tia-seed-2025\/","url":"https:\/\/www.vaikuttavuussaatio.fi\/en\/funded-projects\/tandem-industry-academia-tia-seed-2025\/","name":"Tandem Industry Academia (TIA) Seed 2025 - Vaikuttavuussaatio","isPartOf":{"@id":"https:\/\/www.vaikuttavuussaatio.fi\/en\/#website"},"primaryImageOfPage":{"@id":"https:\/\/www.vaikuttavuussaatio.fi\/en\/funded-projects\/tandem-industry-academia-tia-seed-2025\/#primaryimage"},"image":{"@id":"https:\/\/www.vaikuttavuussaatio.fi\/en\/funded-projects\/tandem-industry-academia-tia-seed-2025\/#primaryimage"},"thumbnailUrl":"https:\/\/www.vaikuttavuussaatio.fi\/wp-content\/uploads\/2025\/12\/merve_atasoy.jpg","datePublished":"2025-12-09T07:00:00+00:00","breadcrumb":{"@id":"https:\/\/www.vaikuttavuussaatio.fi\/en\/funded-projects\/tandem-industry-academia-tia-seed-2025\/#breadcrumb"},"inLanguage":"en-US","potentialAction":[{"@type":"ReadAction","target":["https:\/\/www.vaikuttavuussaatio.fi\/en\/funded-projects\/tandem-industry-academia-tia-seed-2025\/"]}]},{"@type":"ImageObject","inLanguage":"en-US","@id":"https:\/\/www.vaikuttavuussaatio.fi\/en\/funded-projects\/tandem-industry-academia-tia-seed-2025\/#primaryimage","url":"https:\/\/www.vaikuttavuussaatio.fi\/wp-content\/uploads\/2025\/12\/merve_atasoy.jpg","contentUrl":"https:\/\/www.vaikuttavuussaatio.fi\/wp-content\/uploads\/2025\/12\/merve_atasoy.jpg"},{"@type":"BreadcrumbList","@id":"https:\/\/www.vaikuttavuussaatio.fi\/en\/funded-projects\/tandem-industry-academia-tia-seed-2025\/#breadcrumb","itemListElement":[{"@type":"ListItem","position":1,"name":"Home","item":"https:\/\/www.vaikuttavuussaatio.fi\/en\/"},{"@type":"ListItem","position":2,"name":"Projects funded","item":"https:\/\/www.vaikuttavuussaatio.fi\/en\/funded-projects\/"},{"@type":"ListItem","position":3,"name":"Tandem Industry Academia (TIA) Seed 2025"}]},{"@type":"WebSite","@id":"https:\/\/www.vaikuttavuussaatio.fi\/en\/#website","url":"https:\/\/www.vaikuttavuussaatio.fi\/en\/","name":"Vaikuttavuussaatio","description":"Vaikuttavuuss\u00e4\u00e4ti\u00f6 vahvistaa ja tukee huippututkimuksen vaikuttavuutta ja elinkeinoel\u00e4m\u00e4n yhteyksi\u00e4.","publisher":{"@id":"https:\/\/www.vaikuttavuussaatio.fi\/en\/#organization"},"potentialAction":[{"@type":"SearchAction","target":{"@type":"EntryPoint","urlTemplate":"https:\/\/www.vaikuttavuussaatio.fi\/en\/?s={search_term_string}"},"query-input":{"@type":"PropertyValueSpecification","valueRequired":true,"valueName":"search_term_string"}}],"inLanguage":"en-US"},{"@type":"Organization","@id":"https:\/\/www.vaikuttavuussaatio.fi\/en\/#organization","name":"Vaikuttavuuss\u00e4\u00e4ti\u00f6","url":"https:\/\/www.vaikuttavuussaatio.fi\/en\/","logo":{"@type":"ImageObject","inLanguage":"en-US","@id":"https:\/\/www.vaikuttavuussaatio.fi\/en\/#\/schema\/logo\/image\/","url":"https:\/\/www.vaikuttavuussaatio.fi\/wp-content\/uploads\/2020\/02\/logo.png","contentUrl":"https:\/\/www.vaikuttavuussaatio.fi\/wp-content\/uploads\/2020\/02\/logo.png","width":398,"height":362,"caption":"Vaikuttavuuss\u00e4\u00e4ti\u00f6"},"image":{"@id":"https:\/\/www.vaikuttavuussaatio.fi\/en\/#\/schema\/logo\/image\/"},"sameAs":["https:\/\/www.facebook.com\/vaikuttavuussaatio\/","https:\/\/x.com\/tvtsaatio"]}]}},"featured_image_src":null,"featured_image_src_square":null,"_links":{"self":[{"href":"https:\/\/www.vaikuttavuussaatio.fi\/en\/wp-json\/wp\/v2\/pages\/167467","targetHints":{"allow":["GET"]}}],"collection":[{"href":"https:\/\/www.vaikuttavuussaatio.fi\/en\/wp-json\/wp\/v2\/pages"}],"about":[{"href":"https:\/\/www.vaikuttavuussaatio.fi\/en\/wp-json\/wp\/v2\/types\/page"}],"author":[{"embeddable":true,"href":"https:\/\/www.vaikuttavuussaatio.fi\/en\/wp-json\/wp\/v2\/users\/1"}],"replies":[{"embeddable":true,"href":"https:\/\/www.vaikuttavuussaatio.fi\/en\/wp-json\/wp\/v2\/comments?post=167467"}],"version-history":[{"count":1,"href":"https:\/\/www.vaikuttavuussaatio.fi\/en\/wp-json\/wp\/v2\/pages\/167467\/revisions"}],"predecessor-version":[{"id":167468,"href":"https:\/\/www.vaikuttavuussaatio.fi\/en\/wp-json\/wp\/v2\/pages\/167467\/revisions\/167468"}],"up":[{"embeddable":true,"href":"https:\/\/www.vaikuttavuussaatio.fi\/en\/wp-json\/wp\/v2\/pages\/939"}],"wp:attachment":[{"href":"https:\/\/www.vaikuttavuussaatio.fi\/en\/wp-json\/wp\/v2\/media?parent=167467"}],"curies":[{"name":"wp","href":"https:\/\/api.w.org\/{rel}","templated":true}]}}