{"id":152952,"date":"2022-05-22T20:48:43","date_gmt":"2022-05-22T17:48:43","guid":{"rendered":"https:\/\/www.vaikuttavuussaatio.fi\/?page_id=152952"},"modified":"2025-06-04T09:47:18","modified_gmt":"2025-06-04T06:47:18","slug":"annual-reports","status":"publish","type":"page","link":"https:\/\/www.vaikuttavuussaatio.fi\/en\/annual-reports\/","title":{"rendered":"Annual reports"},"content":{"rendered":"\n<h2 class=\"wp-block-heading\">Annual reports<\/h2>\n\n\n\n<p>The Foundation&#8217;s annual activities are summarized in annual reports, which you can find on this page.<\/p>\n\n\n\n<div class=\"wp-block-stackable-icon-label stk-block-icon-label stk-block stk-2d019c2\" data-block-id=\"2d019c2\"><div class=\"stk-row stk-inner-blocks stk-block-content\">\n<div class=\"wp-block-stackable-icon stk-block-icon has-text-align-left stk-block stk-e6c1c49\" data-block-id=\"e6c1c49\"><span class=\"stk--svg-wrapper\"><div class=\"stk--inner-svg\"><svg style=\"height:0;width:0\"><defs><linearGradient id=\"linear-gradient-e6c1c49\" x1=\"0\" x2=\"100%\" y1=\"0\" y2=\"0\"><stop offset=\"0%\" style=\"stop-opacity:1;stop-color:var(--linear-gradient-e-6-c-1-c-49-color-1)\"><\/stop><stop offset=\"100%\" style=\"stop-opacity:1;stop-color:var(--linear-gradient-e-6-c-1-c-49-color-2)\"><\/stop><\/linearGradient><\/defs><\/svg><svg aria-hidden=\"true\" focusable=\"false\" data-prefix=\"fas\" data-icon=\"book\" class=\"svg-inline--fa fa-book fa-w-14\" xmlns=\"http:\/\/www.w3.org\/2000\/svg\" viewBox=\"0 0 448 512\" width=\"32\" height=\"32\"><path fill=\"currentColor\" d=\"M448 360V24c0-13.3-10.7-24-24-24H96C43 0 0 43 0 96v320c0 53 43 96 96 96h328c13.3 0 24-10.7 24-24v-16c0-7.5-3.5-14.3-8.9-18.7-4.2-15.4-4.2-59.3 0-74.7 5.4-4.3 8.9-11.1 8.9-18.6zM128 134c0-3.3 2.7-6 6-6h212c3.3 0 6 2.7 6 6v20c0 3.3-2.7 6-6 6H134c-3.3 0-6-2.7-6-6v-20zm0 64c0-3.3 2.7-6 6-6h212c3.3 0 6 2.7 6 6v20c0 3.3-2.7 6-6 6H134c-3.3 0-6-2.7-6-6v-20zm253.4 250H96c-17.7 0-32-14.3-32-32 0-17.6 14.4-32 32-32h285.4c-1.9 17.1-1.9 46.9 0 64z\"><\/path><\/svg><\/div><\/span><\/div>\n\n\n\n<div class=\"wp-block-stackable-heading stk-block-heading stk-block-heading--v2 stk-block stk-c67ef8e\" id=\"a-href-https-www-vaikuttavuussaatio-fi-en-the-finnish-research-impact-foundations-annual-report-2024-annual-report-2024-a\" data-block-id=\"c67ef8e\"><h4 class=\"stk-block-heading__text stk-block-heading--use-theme-margins\"><a href=\"https:\/\/www.vaikuttavuussaatio.fi\/en\/the-finnish-research-impact-foundations-annual-report-2024\/\">Annual Report 2024 \u00bb<\/a><\/h4><\/div>\n<\/div><\/div>\n\n\n\n<div class=\"wp-block-stackable-icon-label stk-block-icon-label stk-block stk-996e8ac\" data-block-id=\"996e8ac\"><div class=\"stk-row stk-inner-blocks stk-block-content\">\n<div class=\"wp-block-stackable-icon stk-block-icon has-text-align-left stk-block stk-de7ca94\" data-block-id=\"de7ca94\"><span class=\"stk--svg-wrapper\"><div class=\"stk--inner-svg\"><svg style=\"height:0;width:0\"><defs><linearGradient id=\"linear-gradient-de7ca94\" x1=\"0\" x2=\"100%\" y1=\"0\" y2=\"0\"><stop offset=\"0%\" style=\"stop-opacity:1;stop-color:var(--linear-gradient-de-7-ca-94-color-1)\"><\/stop><stop offset=\"100%\" style=\"stop-opacity:1;stop-color:var(--linear-gradient-de-7-ca-94-color-2)\"><\/stop><\/linearGradient><\/defs><\/svg><svg aria-hidden=\"true\" focusable=\"false\" data-prefix=\"fas\" data-icon=\"book\" class=\"svg-inline--fa fa-book fa-w-14\" xmlns=\"http:\/\/www.w3.org\/2000\/svg\" viewBox=\"0 0 448 512\" width=\"32\" height=\"32\"><path fill=\"currentColor\" d=\"M448 360V24c0-13.3-10.7-24-24-24H96C43 0 0 43 0 96v320c0 53 43 96 96 96h328c13.3 0 24-10.7 24-24v-16c0-7.5-3.5-14.3-8.9-18.7-4.2-15.4-4.2-59.3 0-74.7 5.4-4.3 8.9-11.1 8.9-18.6zM128 134c0-3.3 2.7-6 6-6h212c3.3 0 6 2.7 6 6v20c0 3.3-2.7 6-6 6H134c-3.3 0-6-2.7-6-6v-20zm0 64c0-3.3 2.7-6 6-6h212c3.3 0 6 2.7 6 6v20c0 3.3-2.7 6-6 6H134c-3.3 0-6-2.7-6-6v-20zm253.4 250H96c-17.7 0-32-14.3-32-32 0-17.6 14.4-32 32-32h285.4c-1.9 17.1-1.9 46.9 0 64z\"><\/path><\/svg><\/div><\/span><\/div>\n\n\n\n<div class=\"wp-block-stackable-heading stk-block-heading stk-block-heading--v2 stk-block stk-25167ce\" id=\"a-href-https-www-vaikuttavuussaatio-fi-en-the-finnish-research-impact-foundations-annual-report-2023-annual-report-2023-a\" data-block-id=\"25167ce\"><h4 class=\"stk-block-heading__text stk-block-heading--use-theme-margins\"><a href=\"https:\/\/www.vaikuttavuussaatio.fi\/en\/the-finnish-research-impact-foundations-annual-report-2023\/\">Annual Report 2023 \u00bb<\/a><\/h4><\/div>\n<\/div><\/div>\n\n\n\n<div class=\"wp-block-stackable-icon-label stk-block-icon-label stk-block stk-c636c3a\" data-block-id=\"c636c3a\"><div class=\"stk-row stk-inner-blocks stk-block-content\">\n<div class=\"wp-block-stackable-icon stk-block-icon has-text-align-left stk-block stk-3d4adbe\" data-block-id=\"3d4adbe\"><span class=\"stk--svg-wrapper\"><div class=\"stk--inner-svg\"><svg style=\"height:0;width:0\"><defs><linearGradient id=\"linear-gradient-3d4adbe\" x1=\"0\" x2=\"100%\" y1=\"0\" y2=\"0\"><stop offset=\"0%\" style=\"stop-opacity:1;stop-color:var(--linear-gradient-3-d-4-adbe-color-1)\"><\/stop><stop offset=\"100%\" style=\"stop-opacity:1;stop-color:var(--linear-gradient-3-d-4-adbe-color-2)\"><\/stop><\/linearGradient><\/defs><\/svg><svg aria-hidden=\"true\" focusable=\"false\" data-prefix=\"fas\" data-icon=\"book\" class=\"svg-inline--fa fa-book fa-w-14\" xmlns=\"http:\/\/www.w3.org\/2000\/svg\" viewBox=\"0 0 448 512\" width=\"32\" height=\"32\"><path fill=\"currentColor\" d=\"M448 360V24c0-13.3-10.7-24-24-24H96C43 0 0 43 0 96v320c0 53 43 96 96 96h328c13.3 0 24-10.7 24-24v-16c0-7.5-3.5-14.3-8.9-18.7-4.2-15.4-4.2-59.3 0-74.7 5.4-4.3 8.9-11.1 8.9-18.6zM128 134c0-3.3 2.7-6 6-6h212c3.3 0 6 2.7 6 6v20c0 3.3-2.7 6-6 6H134c-3.3 0-6-2.7-6-6v-20zm0 64c0-3.3 2.7-6 6-6h212c3.3 0 6 2.7 6 6v20c0 3.3-2.7 6-6 6H134c-3.3 0-6-2.7-6-6v-20zm253.4 250H96c-17.7 0-32-14.3-32-32 0-17.6 14.4-32 32-32h285.4c-1.9 17.1-1.9 46.9 0 64z\"><\/path><\/svg><\/div><\/span><\/div>\n\n\n\n<div class=\"wp-block-stackable-heading stk-block-heading stk-block-heading--v2 stk-block stk-b0243fd\" id=\"a-href-https-www-vaikuttavuussaatio-fi-en-the-finnish-research-impact-foundations-annual-report-2022-annual-report-2022-a\" data-block-id=\"b0243fd\"><h4 class=\"stk-block-heading__text stk-block-heading--use-theme-margins\"><a href=\"https:\/\/www.vaikuttavuussaatio.fi\/en\/the-finnish-research-impact-foundations-annual-report-2022\/\">Annual Report 2022 \u00bb<\/a><\/h4><\/div>\n<\/div><\/div>\n\n\n\n<div class=\"wp-block-stackable-icon-label stk-block-icon-label stk-block stk-7e12b9e\" data-block-id=\"7e12b9e\"><div class=\"stk-row stk-inner-blocks stk-block-content\">\n<div class=\"wp-block-stackable-icon stk-block-icon has-text-align-left stk-block stk-3968277\" data-block-id=\"3968277\"><span class=\"stk--svg-wrapper\"><div class=\"stk--inner-svg\"><svg style=\"height:0;width:0\"><defs><linearGradient id=\"linear-gradient-3968277\" x1=\"0\" x2=\"100%\" y1=\"0\" y2=\"0\"><stop offset=\"0%\" style=\"stop-opacity:1;stop-color:var(--linear-gradient-3968277-color-1)\"><\/stop><stop offset=\"100%\" style=\"stop-opacity:1;stop-color:var(--linear-gradient-3968277-color-2)\"><\/stop><\/linearGradient><\/defs><\/svg><svg aria-hidden=\"true\" focusable=\"false\" data-prefix=\"fas\" data-icon=\"book\" class=\"svg-inline--fa fa-book fa-w-14\" xmlns=\"http:\/\/www.w3.org\/2000\/svg\" viewBox=\"0 0 448 512\" width=\"32\" height=\"32\"><path fill=\"currentColor\" d=\"M448 360V24c0-13.3-10.7-24-24-24H96C43 0 0 43 0 96v320c0 53 43 96 96 96h328c13.3 0 24-10.7 24-24v-16c0-7.5-3.5-14.3-8.9-18.7-4.2-15.4-4.2-59.3 0-74.7 5.4-4.3 8.9-11.1 8.9-18.6zM128 134c0-3.3 2.7-6 6-6h212c3.3 0 6 2.7 6 6v20c0 3.3-2.7 6-6 6H134c-3.3 0-6-2.7-6-6v-20zm0 64c0-3.3 2.7-6 6-6h212c3.3 0 6 2.7 6 6v20c0 3.3-2.7 6-6 6H134c-3.3 0-6-2.7-6-6v-20zm253.4 250H96c-17.7 0-32-14.3-32-32 0-17.6 14.4-32 32-32h285.4c-1.9 17.1-1.9 46.9 0 64z\"><\/path><\/svg><\/div><\/span><\/div>\n\n\n\n<div class=\"wp-block-stackable-heading stk-block-heading stk-block-heading--v2 stk-block stk-96c8758\" id=\"a-href-https-www-vaikuttavuussaatio-fi-en-the-finnish-research-impact-foundations-annual-report-2021-annual-report-2021-a\" data-block-id=\"96c8758\"><h4 class=\"stk-block-heading__text stk-block-heading--use-theme-margins\"><a href=\"https:\/\/www.vaikuttavuussaatio.fi\/en\/the-finnish-research-impact-foundations-annual-report-2021\/\">Annual Report 2021 \u00bb<\/a><\/h4><\/div>\n<\/div><\/div>\n\n\n\n<div class=\"wp-block-stackable-icon-label stk-block-icon-label stk-block stk-024e733\" data-block-id=\"024e733\"><div class=\"stk-row stk-inner-blocks stk-block-content\">\n<div class=\"wp-block-stackable-icon stk-block-icon has-text-align-left stk-block stk-0e8701a\" data-block-id=\"0e8701a\"><span class=\"stk--svg-wrapper\"><div class=\"stk--inner-svg\"><svg style=\"height:0;width:0\"><defs><linearGradient id=\"linear-gradient-0e8701a\" x1=\"0\" x2=\"100%\" y1=\"0\" y2=\"0\"><stop offset=\"0%\" style=\"stop-opacity:1;stop-color:var(--linear-gradient-0-e-8701-a-color-1)\"><\/stop><stop offset=\"100%\" style=\"stop-opacity:1;stop-color:var(--linear-gradient-0-e-8701-a-color-2)\"><\/stop><\/linearGradient><\/defs><\/svg><svg aria-hidden=\"true\" focusable=\"false\" data-prefix=\"fas\" data-icon=\"book\" class=\"svg-inline--fa fa-book fa-w-14\" xmlns=\"http:\/\/www.w3.org\/2000\/svg\" viewBox=\"0 0 448 512\" width=\"32\" height=\"32\"><path fill=\"currentColor\" d=\"M448 360V24c0-13.3-10.7-24-24-24H96C43 0 0 43 0 96v320c0 53 43 96 96 96h328c13.3 0 24-10.7 24-24v-16c0-7.5-3.5-14.3-8.9-18.7-4.2-15.4-4.2-59.3 0-74.7 5.4-4.3 8.9-11.1 8.9-18.6zM128 134c0-3.3 2.7-6 6-6h212c3.3 0 6 2.7 6 6v20c0 3.3-2.7 6-6 6H134c-3.3 0-6-2.7-6-6v-20zm0 64c0-3.3 2.7-6 6-6h212c3.3 0 6 2.7 6 6v20c0 3.3-2.7 6-6 6H134c-3.3 0-6-2.7-6-6v-20zm253.4 250H96c-17.7 0-32-14.3-32-32 0-17.6 14.4-32 32-32h285.4c-1.9 17.1-1.9 46.9 0 64z\"><\/path><\/svg><\/div><\/span><\/div>\n\n\n\n<div class=\"wp-block-stackable-heading stk-block-heading stk-block-heading--v2 stk-block stk-c5b6346\" id=\"a-href-https-www-vaikuttavuussaatio-fi-en-the-finnish-research-impact-foundations-annual-report-2020-annual-report-2020-a\" data-block-id=\"c5b6346\"><h4 class=\"stk-block-heading__text stk-block-heading--use-theme-margins\"><a href=\"https:\/\/www.vaikuttavuussaatio.fi\/en\/the-finnish-research-impact-foundations-annual-report-2020\/\">Annual Report 2020 \u00bb<\/a><\/h4><\/div>\n<\/div><\/div>\n\n\n\n<p><\/p>\n","protected":false},"excerpt":{"rendered":"<p>Annual reports The Foundation&#8217;s annual activities are summarized in annual reports, which you can find on this page. Annual Report 2024 \u00bb Annual Report 2023 \u00bb Annual Report 2022 \u00bb Annual Report 2021 \u00bb Annual Report 2020 \u00bb<\/p>\n","protected":false},"author":1,"featured_media":0,"parent":0,"menu_order":0,"comment_status":"closed","ping_status":"closed","template":"","meta":{"_genesis_hide_title":false,"_genesis_hide_breadcrumbs":false,"_genesis_hide_singular_image":false,"_genesis_hide_footer_widgets":false,"_genesis_custom_body_class":"","_genesis_custom_post_class":"","_genesis_layout":"","footnotes":""},"class_list":{"0":"post-152952","1":"page","2":"type-page","3":"status-publish","5":"entry"},"featured_image_url":[],"post_author":"vaikuttavuussaatio","assigned_categories":"Optional","featured_image_urls_v2":{"full":"","thumbnail":"","medium":"","medium_large":"","large":"","1536x1536":"","2048x2048":"","sidebar-featured":"","genesis-singular-images":"","gb-block-post-grid-landscape":"","gb-block-post-grid-square":""},"post_excerpt_stackable_v2":"<p>Annual reports The Foundation&#8217;s annual activities are summarized in annual reports, which you can find on this page. Annual Report 2024 \u00bb Annual Report 2023 \u00bb Annual Report 2022 \u00bb Annual Report 2021 \u00bb Annual Report 2020 \u00bb<\/p>\n","category_list_v2":"","author_info_v2":{"name":"vaikuttavuussaatio","url":"https:\/\/www.vaikuttavuussaatio.fi\/en\/author\/vaikuttavuussaatio\/"},"comments_num_v2":"0 comments","yoast_head":"<!-- This site is optimized with the Yoast SEO plugin v27.4 - https:\/\/yoast.com\/product\/yoast-seo-wordpress\/ -->\n<title>Annual reports - Vaikuttavuussaatio<\/title>\n<meta name=\"robots\" content=\"index, follow, max-snippet:-1, max-image-preview:large, max-video-preview:-1\" \/>\n<link rel=\"canonical\" href=\"https:\/\/www.vaikuttavuussaatio.fi\/en\/annual-reports\/\" \/>\n<meta property=\"og:locale\" content=\"en_US\" \/>\n<meta property=\"og:type\" content=\"article\" \/>\n<meta property=\"og:title\" content=\"Annual reports - Vaikuttavuussaatio\" \/>\n<meta property=\"og:description\" content=\"Annual reports The Foundation&#8217;s annual activities are summarized in annual reports, which you can find on this page. Annual Report 2024 \u00bb Annual Report 2023 \u00bb Annual Report 2022 \u00bb Annual Report 2021 \u00bb Annual Report 2020 \u00bb\" \/>\n<meta property=\"og:url\" content=\"https:\/\/www.vaikuttavuussaatio.fi\/en\/annual-reports\/\" \/>\n<meta property=\"og:site_name\" content=\"Vaikuttavuussaatio\" \/>\n<meta property=\"article:publisher\" content=\"https:\/\/www.facebook.com\/vaikuttavuussaatio\/\" \/>\n<meta property=\"article:modified_time\" content=\"2025-06-04T06:47:18+00:00\" \/>\n<meta name=\"twitter:card\" content=\"summary_large_image\" \/>\n<meta name=\"twitter:site\" content=\"@tvtsaatio\" \/>\n<meta name=\"twitter:label1\" content=\"Est. reading time\" \/>\n\t<meta name=\"twitter:data1\" content=\"1 minute\" \/>\n<script type=\"application\/ld+json\" class=\"yoast-schema-graph\">{\"@context\":\"https:\\\/\\\/schema.org\",\"@graph\":[{\"@type\":\"WebPage\",\"@id\":\"https:\\\/\\\/www.vaikuttavuussaatio.fi\\\/en\\\/annual-reports\\\/\",\"url\":\"https:\\\/\\\/www.vaikuttavuussaatio.fi\\\/en\\\/annual-reports\\\/\",\"name\":\"Annual reports - Vaikuttavuussaatio\",\"isPartOf\":{\"@id\":\"https:\\\/\\\/www.vaikuttavuussaatio.fi\\\/en\\\/#website\"},\"datePublished\":\"2022-05-22T17:48:43+00:00\",\"dateModified\":\"2025-06-04T06:47:18+00:00\",\"breadcrumb\":{\"@id\":\"https:\\\/\\\/www.vaikuttavuussaatio.fi\\\/en\\\/annual-reports\\\/#breadcrumb\"},\"inLanguage\":\"en-US\",\"potentialAction\":[{\"@type\":\"ReadAction\",\"target\":[\"https:\\\/\\\/www.vaikuttavuussaatio.fi\\\/en\\\/annual-reports\\\/\"]}]},{\"@type\":\"BreadcrumbList\",\"@id\":\"https:\\\/\\\/www.vaikuttavuussaatio.fi\\\/en\\\/annual-reports\\\/#breadcrumb\",\"itemListElement\":[{\"@type\":\"ListItem\",\"position\":1,\"name\":\"Home\",\"item\":\"https:\\\/\\\/www.vaikuttavuussaatio.fi\\\/en\\\/\"},{\"@type\":\"ListItem\",\"position\":2,\"name\":\"Annual reports\"}]},{\"@type\":\"WebSite\",\"@id\":\"https:\\\/\\\/www.vaikuttavuussaatio.fi\\\/en\\\/#website\",\"url\":\"https:\\\/\\\/www.vaikuttavuussaatio.fi\\\/en\\\/\",\"name\":\"Vaikuttavuussaatio\",\"description\":\"Vaikuttavuuss\u00e4\u00e4ti\u00f6 vahvistaa ja tukee huippututkimuksen vaikuttavuutta ja elinkeinoel\u00e4m\u00e4n yhteyksi\u00e4.\",\"publisher\":{\"@id\":\"https:\\\/\\\/www.vaikuttavuussaatio.fi\\\/en\\\/#organization\"},\"potentialAction\":[{\"@type\":\"SearchAction\",\"target\":{\"@type\":\"EntryPoint\",\"urlTemplate\":\"https:\\\/\\\/www.vaikuttavuussaatio.fi\\\/en\\\/?s={search_term_string}\"},\"query-input\":{\"@type\":\"PropertyValueSpecification\",\"valueRequired\":true,\"valueName\":\"search_term_string\"}}],\"inLanguage\":\"en-US\"},{\"@type\":\"Organization\",\"@id\":\"https:\\\/\\\/www.vaikuttavuussaatio.fi\\\/en\\\/#organization\",\"name\":\"Vaikuttavuuss\u00e4\u00e4ti\u00f6\",\"url\":\"https:\\\/\\\/www.vaikuttavuussaatio.fi\\\/en\\\/\",\"logo\":{\"@type\":\"ImageObject\",\"inLanguage\":\"en-US\",\"@id\":\"https:\\\/\\\/www.vaikuttavuussaatio.fi\\\/en\\\/#\\\/schema\\\/logo\\\/image\\\/\",\"url\":\"https:\\\/\\\/www.vaikuttavuussaatio.fi\\\/wp-content\\\/uploads\\\/2020\\\/02\\\/logo.png\",\"contentUrl\":\"https:\\\/\\\/www.vaikuttavuussaatio.fi\\\/wp-content\\\/uploads\\\/2020\\\/02\\\/logo.png\",\"width\":398,\"height\":362,\"caption\":\"Vaikuttavuuss\u00e4\u00e4ti\u00f6\"},\"image\":{\"@id\":\"https:\\\/\\\/www.vaikuttavuussaatio.fi\\\/en\\\/#\\\/schema\\\/logo\\\/image\\\/\"},\"sameAs\":[\"https:\\\/\\\/www.facebook.com\\\/vaikuttavuussaatio\\\/\",\"https:\\\/\\\/x.com\\\/tvtsaatio\"]}]}<\/script>\n<!-- \/ Yoast SEO plugin. -->","yoast_head_json":{"title":"Annual reports - Vaikuttavuussaatio","robots":{"index":"index","follow":"follow","max-snippet":"max-snippet:-1","max-image-preview":"max-image-preview:large","max-video-preview":"max-video-preview:-1"},"canonical":"https:\/\/www.vaikuttavuussaatio.fi\/en\/annual-reports\/","og_locale":"en_US","og_type":"article","og_title":"Annual reports - Vaikuttavuussaatio","og_description":"Annual reports The Foundation&#8217;s annual activities are summarized in annual reports, which you can find on this page. Annual Report 2024 \u00bb Annual Report 2023 \u00bb Annual Report 2022 \u00bb Annual Report 2021 \u00bb Annual Report 2020 \u00bb","og_url":"https:\/\/www.vaikuttavuussaatio.fi\/en\/annual-reports\/","og_site_name":"Vaikuttavuussaatio","article_publisher":"https:\/\/www.facebook.com\/vaikuttavuussaatio\/","article_modified_time":"2025-06-04T06:47:18+00:00","twitter_card":"summary_large_image","twitter_site":"@tvtsaatio","twitter_misc":{"Est. reading time":"1 minute"},"schema":{"@context":"https:\/\/schema.org","@graph":[{"@type":"WebPage","@id":"https:\/\/www.vaikuttavuussaatio.fi\/en\/annual-reports\/","url":"https:\/\/www.vaikuttavuussaatio.fi\/en\/annual-reports\/","name":"Annual reports - Vaikuttavuussaatio","isPartOf":{"@id":"https:\/\/www.vaikuttavuussaatio.fi\/en\/#website"},"datePublished":"2022-05-22T17:48:43+00:00","dateModified":"2025-06-04T06:47:18+00:00","breadcrumb":{"@id":"https:\/\/www.vaikuttavuussaatio.fi\/en\/annual-reports\/#breadcrumb"},"inLanguage":"en-US","potentialAction":[{"@type":"ReadAction","target":["https:\/\/www.vaikuttavuussaatio.fi\/en\/annual-reports\/"]}]},{"@type":"BreadcrumbList","@id":"https:\/\/www.vaikuttavuussaatio.fi\/en\/annual-reports\/#breadcrumb","itemListElement":[{"@type":"ListItem","position":1,"name":"Home","item":"https:\/\/www.vaikuttavuussaatio.fi\/en\/"},{"@type":"ListItem","position":2,"name":"Annual reports"}]},{"@type":"WebSite","@id":"https:\/\/www.vaikuttavuussaatio.fi\/en\/#website","url":"https:\/\/www.vaikuttavuussaatio.fi\/en\/","name":"Vaikuttavuussaatio","description":"Vaikuttavuuss\u00e4\u00e4ti\u00f6 vahvistaa ja tukee huippututkimuksen vaikuttavuutta ja elinkeinoel\u00e4m\u00e4n yhteyksi\u00e4.","publisher":{"@id":"https:\/\/www.vaikuttavuussaatio.fi\/en\/#organization"},"potentialAction":[{"@type":"SearchAction","target":{"@type":"EntryPoint","urlTemplate":"https:\/\/www.vaikuttavuussaatio.fi\/en\/?s={search_term_string}"},"query-input":{"@type":"PropertyValueSpecification","valueRequired":true,"valueName":"search_term_string"}}],"inLanguage":"en-US"},{"@type":"Organization","@id":"https:\/\/www.vaikuttavuussaatio.fi\/en\/#organization","name":"Vaikuttavuuss\u00e4\u00e4ti\u00f6","url":"https:\/\/www.vaikuttavuussaatio.fi\/en\/","logo":{"@type":"ImageObject","inLanguage":"en-US","@id":"https:\/\/www.vaikuttavuussaatio.fi\/en\/#\/schema\/logo\/image\/","url":"https:\/\/www.vaikuttavuussaatio.fi\/wp-content\/uploads\/2020\/02\/logo.png","contentUrl":"https:\/\/www.vaikuttavuussaatio.fi\/wp-content\/uploads\/2020\/02\/logo.png","width":398,"height":362,"caption":"Vaikuttavuuss\u00e4\u00e4ti\u00f6"},"image":{"@id":"https:\/\/www.vaikuttavuussaatio.fi\/en\/#\/schema\/logo\/image\/"},"sameAs":["https:\/\/www.facebook.com\/vaikuttavuussaatio\/","https:\/\/x.com\/tvtsaatio"]}]}},"featured_image_src":null,"featured_image_src_square":null,"_links":{"self":[{"href":"https:\/\/www.vaikuttavuussaatio.fi\/en\/wp-json\/wp\/v2\/pages\/152952","targetHints":{"allow":["GET"]}}],"collection":[{"href":"https:\/\/www.vaikuttavuussaatio.fi\/en\/wp-json\/wp\/v2\/pages"}],"about":[{"href":"https:\/\/www.vaikuttavuussaatio.fi\/en\/wp-json\/wp\/v2\/types\/page"}],"author":[{"embeddable":true,"href":"https:\/\/www.vaikuttavuussaatio.fi\/en\/wp-json\/wp\/v2\/users\/1"}],"replies":[{"embeddable":true,"href":"https:\/\/www.vaikuttavuussaatio.fi\/en\/wp-json\/wp\/v2\/comments?post=152952"}],"version-history":[{"count":6,"href":"https:\/\/www.vaikuttavuussaatio.fi\/en\/wp-json\/wp\/v2\/pages\/152952\/revisions"}],"predecessor-version":[{"id":166479,"href":"https:\/\/www.vaikuttavuussaatio.fi\/en\/wp-json\/wp\/v2\/pages\/152952\/revisions\/166479"}],"wp:attachment":[{"href":"https:\/\/www.vaikuttavuussaatio.fi\/en\/wp-json\/wp\/v2\/media?parent=152952"}],"curies":[{"name":"wp","href":"https:\/\/api.w.org\/{rel}","templated":true}]}}